{"id":3121,"date":"2023-04-26T20:57:40","date_gmt":"2023-04-26T18:57:40","guid":{"rendered":"https:\/\/lahtipride.fi\/?page_id=3121"},"modified":"2026-04-17T16:06:21","modified_gmt":"2026-04-17T14:06:21","slug":"kulkue","status":"publish","type":"page","link":"https:\/\/lahtipride.fi\/?page_id=3121","title":{"rendered":"KULKUE 2026"},"content":{"rendered":"\t\t<div data-elementor-type=\"wp-page\" data-elementor-id=\"3121\" class=\"elementor elementor-3121\">\n\t\t\t\t\t\t<section class=\"elementor-section elementor-top-section elementor-element elementor-element-4b8af60 elementor-section-full_width elementor-section-height-default elementor-section-height-default\" data-id=\"4b8af60\" data-element_type=\"section\" data-e-type=\"section\">\n\t\t\t\t\t\t<div class=\"elementor-container elementor-column-gap-no\">\n\t\t\t\t\t<div class=\"elementor-column elementor-col-100 elementor-top-column elementor-element elementor-element-90ba624\" data-id=\"90ba624\" data-element_type=\"column\" data-e-type=\"column\">\n\t\t\t<div class=\"elementor-widget-wrap elementor-element-populated\">\n\t\t\t\t\t\t<div class=\"elementor-element elementor-element-d04b5de elementor-invisible elementor-widget elementor-widget-image\" data-id=\"d04b5de\" data-element_type=\"widget\" data-e-type=\"widget\" data-settings=\"{&quot;_animation&quot;:&quot;fadeIn&quot;}\" data-widget_type=\"image.default\">\n\t\t\t\t<div class=\"elementor-widget-container\">\n\t\t\t\t\t\t\t\t\t\t\t\t\t\t\t<img fetchpriority=\"high\" decoding=\"async\" width=\"2560\" height=\"1707\" src=\"https:\/\/lahtipride.fi\/wp-content\/uploads\/2026\/02\/IMG_0190-scaled.jpg\" class=\"attachment-full size-full wp-image-5134\" alt=\"\" srcset=\"https:\/\/lahtipride.fi\/wp-content\/uploads\/2026\/02\/IMG_0190-scaled.jpg 2560w, https:\/\/lahtipride.fi\/wp-content\/uploads\/2026\/02\/IMG_0190-300x200.jpg 300w, https:\/\/lahtipride.fi\/wp-content\/uploads\/2026\/02\/IMG_0190-1024x683.jpg 1024w, https:\/\/lahtipride.fi\/wp-content\/uploads\/2026\/02\/IMG_0190-768x512.jpg 768w, https:\/\/lahtipride.fi\/wp-content\/uploads\/2026\/02\/IMG_0190-1536x1024.jpg 1536w, https:\/\/lahtipride.fi\/wp-content\/uploads\/2026\/02\/IMG_0190-2048x1365.jpg 2048w, https:\/\/lahtipride.fi\/wp-content\/uploads\/2026\/02\/IMG_0190-360x240.jpg 360w\" sizes=\"(max-width: 2560px) 100vw, 2560px\" \/>\t\t\t\t\t\t\t\t\t\t\t\t\t\t\t<\/div>\n\t\t\t\t<\/div>\n\t\t\t\t\t<\/div>\n\t\t<\/div>\n\t\t\t\t\t<\/div>\n\t\t<\/section>\n\t\t\t\t<section class=\"elementor-section elementor-top-section elementor-element elementor-element-39822cf elementor-section-boxed elementor-section-height-default elementor-section-height-default\" data-id=\"39822cf\" data-element_type=\"section\" data-e-type=\"section\">\n\t\t\t\t\t\t<div class=\"elementor-container elementor-column-gap-default\">\n\t\t\t\t\t<div class=\"elementor-column elementor-col-100 elementor-top-column elementor-element elementor-element-56d8d01\" data-id=\"56d8d01\" data-element_type=\"column\" data-e-type=\"column\">\n\t\t\t<div class=\"elementor-widget-wrap elementor-element-populated\">\n\t\t\t\t\t\t<div class=\"elementor-element elementor-element-08ae360 elementor-widget elementor-widget-heading\" data-id=\"08ae360\" data-element_type=\"widget\" data-e-type=\"widget\" data-widget_type=\"heading.default\">\n\t\t\t\t<div class=\"elementor-widget-container\">\n\t\t\t\t\t<h2 class=\"elementor-heading-title elementor-size-default\">Lahti Pride -kulkue 23.5.202623<\/h2>\t\t\t\t<\/div>\n\t\t\t\t<\/div>\n\t\t\t\t<div class=\"elementor-element elementor-element-a43e879 elementor-widget elementor-widget-spacer\" data-id=\"a43e879\" data-element_type=\"widget\" data-e-type=\"widget\" data-widget_type=\"spacer.default\">\n\t\t\t\t<div class=\"elementor-widget-container\">\n\t\t\t\t\t\t\t<div class=\"elementor-spacer\">\n\t\t\t<div class=\"elementor-spacer-inner\"><\/div>\n\t\t<\/div>\n\t\t\t\t\t\t<\/div>\n\t\t\t\t<\/div>\n\t\t\t\t\t<\/div>\n\t\t<\/div>\n\t\t\t\t\t<\/div>\n\t\t<\/section>\n\t\t\t\t<section class=\"elementor-section elementor-top-section elementor-element elementor-element-4aff7d5 elementor-section-boxed elementor-section-height-default elementor-section-height-default\" data-id=\"4aff7d5\" data-element_type=\"section\" data-e-type=\"section\">\n\t\t\t\t\t\t<div class=\"elementor-container elementor-column-gap-default\">\n\t\t\t\t\t<div class=\"elementor-column elementor-col-50 elementor-top-column elementor-element elementor-element-b6a1e52\" data-id=\"b6a1e52\" data-element_type=\"column\" data-e-type=\"column\">\n\t\t\t<div class=\"elementor-widget-wrap elementor-element-populated\">\n\t\t\t\t\t\t<div class=\"elementor-element elementor-element-4145411 elementor-widget elementor-widget-image\" data-id=\"4145411\" data-element_type=\"widget\" data-e-type=\"widget\" data-widget_type=\"image.default\">\n\t\t\t\t<div class=\"elementor-widget-container\">\n\t\t\t\t\t\t\t\t\t\t\t\t\t\t\t<img decoding=\"async\" width=\"750\" height=\"938\" src=\"https:\/\/lahtipride.fi\/wp-content\/uploads\/2026\/04\/KULKUEINFO-REITTI-1-819x1024.png\" class=\"attachment-large size-large wp-image-5595\" alt=\"\" srcset=\"https:\/\/lahtipride.fi\/wp-content\/uploads\/2026\/04\/KULKUEINFO-REITTI-1-819x1024.png 819w, https:\/\/lahtipride.fi\/wp-content\/uploads\/2026\/04\/KULKUEINFO-REITTI-1-240x300.png 240w, https:\/\/lahtipride.fi\/wp-content\/uploads\/2026\/04\/KULKUEINFO-REITTI-1-768x960.png 768w, https:\/\/lahtipride.fi\/wp-content\/uploads\/2026\/04\/KULKUEINFO-REITTI-1.png 1080w\" sizes=\"(max-width: 750px) 100vw, 750px\" \/>\t\t\t\t\t\t\t\t\t\t\t\t\t\t\t<\/div>\n\t\t\t\t<\/div>\n\t\t\t\t\t<\/div>\n\t\t<\/div>\n\t\t\t\t<div class=\"elementor-column elementor-col-50 elementor-top-column elementor-element elementor-element-d3df5ee\" data-id=\"d3df5ee\" data-element_type=\"column\" data-e-type=\"column\">\n\t\t\t<div class=\"elementor-widget-wrap elementor-element-populated\">\n\t\t\t\t\t\t<div class=\"elementor-element elementor-element-a72f457 elementor-widget elementor-widget-text-editor\" data-id=\"a72f457\" data-element_type=\"widget\" data-e-type=\"widget\" data-widget_type=\"text-editor.default\">\n\t\t\t\t<div class=\"elementor-widget-container\">\n\t\t\t\t\t\t\t\t\t<p style=\"text-align: left;\">Tervetuloa marssille! Perinteinen Lahti Pride -kulkue kulkee t\u00e4n\u00e4 vuonna kauppatorilta Walimolle.<\/p><p style=\"text-align: left;\"><strong>J\u00e4rjest\u00e4ytyminen alkaa klo 12.30<\/strong> ja <strong>kulkue l\u00e4htee matkaan noin klo 13.10<\/strong>, joten saavuthan paikalle ennen l\u00e4ht\u00f6aikaa.<\/p>\t\t\t\t\t\t\t\t<\/div>\n\t\t\t\t<\/div>\n\t\t\t\t<div class=\"elementor-element elementor-element-aee3376 elementor-widget elementor-widget-text-editor\" data-id=\"aee3376\" data-element_type=\"widget\" data-e-type=\"widget\" data-widget_type=\"text-editor.default\">\n\t\t\t\t<div class=\"elementor-widget-container\">\n\t\t\t\t\t\t\t\t\t<p style=\"text-align: left;\">Reitti on p\u00e4\u00e4osin tasainen, mutta sen varrella on erilaisia kiveyksi\u00e4, kiveyksien reunoja ja kapeampia kohtia. Reitin pituus on noin 1,5 kilometri\u00e4. Reitti kulkee jalkak\u00e4yt\u00e4v\u00e4\u00e4 pitkin, joten rinnakkain tulee kulkea enint\u00e4\u00e4n 4 henkil\u00f6\u00e4.<\/p><p style=\"text-align: left;\">Kulkueen per\u00e4p\u00e4\u00e4ss\u00e4 on hiljainen blokki esim. lasten ja lemmikkien kanssa tuleville.<\/p><p style=\"text-align: left;\">Kulkueen huutoja ovat:<\/p><p><strong>Oikeus olla &#8211; lupa n\u00e4ky\u00e4!<\/strong><\/p><p><strong>Lahti kuuluu kaikille! Kenen kadut &#8211; meid\u00e4n kadut! Kenen Lahti &#8211; kaikkien Lahti!<\/strong><\/p><p><strong>What do we do when rights are under attack? Stand up and fight back!<\/strong><\/p><p><strong>Rakkautta ja kapinaa!<\/strong><\/p><p><strong>Mit\u00e4 me halutaan? Oikeus olla! Milloin me halutaan se? Nyt!<\/strong><\/p><p><strong>\u00a0<\/strong><\/p><p style=\"text-align: left;\">Kulkueen mukana on j\u00e4rjestyksenvalvojia, jotka huolehtivat turvallisuudesta, sek\u00e4 ensiapupartio.<\/p>\t\t\t\t\t\t\t\t<\/div>\n\t\t\t\t<\/div>\n\t\t\t\t\t<\/div>\n\t\t<\/div>\n\t\t\t\t\t<\/div>\n\t\t<\/section>\n\t\t\t\t<section class=\"elementor-section elementor-top-section elementor-element elementor-element-d236f2f elementor-section-boxed elementor-section-height-default elementor-section-height-default\" data-id=\"d236f2f\" data-element_type=\"section\" data-e-type=\"section\">\n\t\t\t\t\t\t<div class=\"elementor-container elementor-column-gap-default\">\n\t\t\t\t\t<div class=\"elementor-column elementor-col-100 elementor-top-column elementor-element elementor-element-ea975f7\" data-id=\"ea975f7\" data-element_type=\"column\" data-e-type=\"column\">\n\t\t\t<div class=\"elementor-widget-wrap elementor-element-populated\">\n\t\t\t\t\t\t<div class=\"elementor-element elementor-element-c4d102a elementor-widget elementor-widget-spacer\" data-id=\"c4d102a\" data-element_type=\"widget\" data-e-type=\"widget\" data-widget_type=\"spacer.default\">\n\t\t\t\t<div class=\"elementor-widget-container\">\n\t\t\t\t\t\t\t<div class=\"elementor-spacer\">\n\t\t\t<div class=\"elementor-spacer-inner\"><\/div>\n\t\t<\/div>\n\t\t\t\t\t\t<\/div>\n\t\t\t\t<\/div>\n\t\t\t\t\t<\/div>\n\t\t<\/div>\n\t\t\t\t\t<\/div>\n\t\t<\/section>\n\t\t\t\t<section class=\"elementor-section elementor-top-section elementor-element elementor-element-7f189b8 elementor-section-boxed elementor-section-height-default elementor-section-height-default\" data-id=\"7f189b8\" data-element_type=\"section\" data-e-type=\"section\">\n\t\t\t\t\t\t<div class=\"elementor-container elementor-column-gap-default\">\n\t\t\t\t\t<div class=\"elementor-column elementor-col-100 elementor-top-column elementor-element elementor-element-a715101\" data-id=\"a715101\" data-element_type=\"column\" data-e-type=\"column\">\n\t\t\t<div class=\"elementor-widget-wrap elementor-element-populated\">\n\t\t\t\t\t\t<div class=\"elementor-element elementor-element-0040320 elementor-widget elementor-widget-spacer\" data-id=\"0040320\" data-element_type=\"widget\" data-e-type=\"widget\" data-widget_type=\"spacer.default\">\n\t\t\t\t<div class=\"elementor-widget-container\">\n\t\t\t\t\t\t\t<div class=\"elementor-spacer\">\n\t\t\t<div class=\"elementor-spacer-inner\"><\/div>\n\t\t<\/div>\n\t\t\t\t\t\t<\/div>\n\t\t\t\t<\/div>\n\t\t\t\t\t<\/div>\n\t\t<\/div>\n\t\t\t\t\t<\/div>\n\t\t<\/section>\n\t\t\t\t<section class=\"elementor-section elementor-top-section elementor-element elementor-element-93a93dd elementor-section-boxed elementor-section-height-default elementor-section-height-default\" data-id=\"93a93dd\" data-element_type=\"section\" data-e-type=\"section\">\n\t\t\t\t\t\t<div class=\"elementor-container elementor-column-gap-default\">\n\t\t\t\t\t<div class=\"elementor-column elementor-col-50 elementor-top-column elementor-element elementor-element-2913a1a\" data-id=\"2913a1a\" data-element_type=\"column\" data-e-type=\"column\">\n\t\t\t<div class=\"elementor-widget-wrap elementor-element-populated\">\n\t\t\t\t\t\t<div class=\"elementor-element elementor-element-f830d21 elementor-widget elementor-widget-image\" data-id=\"f830d21\" data-element_type=\"widget\" data-e-type=\"widget\" data-widget_type=\"image.default\">\n\t\t\t\t<div class=\"elementor-widget-container\">\n\t\t\t\t\t\t\t\t\t\t\t\t\t\t\t<img decoding=\"async\" width=\"750\" height=\"500\" src=\"https:\/\/lahtipride.fi\/wp-content\/uploads\/2023\/04\/Kopio-tiedostosta-IMG_9418-1024x683.jpg\" class=\"attachment-large size-large wp-image-3109\" alt=\"\" srcset=\"https:\/\/lahtipride.fi\/wp-content\/uploads\/2023\/04\/Kopio-tiedostosta-IMG_9418-1024x683.jpg 1024w, https:\/\/lahtipride.fi\/wp-content\/uploads\/2023\/04\/Kopio-tiedostosta-IMG_9418-300x200.jpg 300w, https:\/\/lahtipride.fi\/wp-content\/uploads\/2023\/04\/Kopio-tiedostosta-IMG_9418-768x512.jpg 768w, https:\/\/lahtipride.fi\/wp-content\/uploads\/2023\/04\/Kopio-tiedostosta-IMG_9418-1536x1024.jpg 1536w, https:\/\/lahtipride.fi\/wp-content\/uploads\/2023\/04\/Kopio-tiedostosta-IMG_9418-2048x1365.jpg 2048w, https:\/\/lahtipride.fi\/wp-content\/uploads\/2023\/04\/Kopio-tiedostosta-IMG_9418-360x240.jpg 360w\" sizes=\"(max-width: 750px) 100vw, 750px\" \/>\t\t\t\t\t\t\t\t\t\t\t\t\t\t\t<\/div>\n\t\t\t\t<\/div>\n\t\t\t\t\t<\/div>\n\t\t<\/div>\n\t\t\t\t<div class=\"elementor-column elementor-col-50 elementor-top-column elementor-element elementor-element-918518c\" data-id=\"918518c\" data-element_type=\"column\" data-e-type=\"column\">\n\t\t\t<div class=\"elementor-widget-wrap elementor-element-populated\">\n\t\t\t\t\t\t<div class=\"elementor-element elementor-element-cb5d293 elementor-widget elementor-widget-image\" data-id=\"cb5d293\" data-element_type=\"widget\" data-e-type=\"widget\" data-widget_type=\"image.default\">\n\t\t\t\t<div class=\"elementor-widget-container\">\n\t\t\t\t\t\t\t\t\t\t\t\t<figure class=\"wp-caption\">\n\t\t\t\t\t\t\t\t\t\t<img loading=\"lazy\" decoding=\"async\" width=\"750\" height=\"500\" src=\"https:\/\/lahtipride.fi\/wp-content\/uploads\/2023\/04\/Kopio-tiedostosta-IMG_9440-1024x683.jpg\" class=\"attachment-large size-large wp-image-3112\" alt=\"\" srcset=\"https:\/\/lahtipride.fi\/wp-content\/uploads\/2023\/04\/Kopio-tiedostosta-IMG_9440-1024x683.jpg 1024w, https:\/\/lahtipride.fi\/wp-content\/uploads\/2023\/04\/Kopio-tiedostosta-IMG_9440-300x200.jpg 300w, https:\/\/lahtipride.fi\/wp-content\/uploads\/2023\/04\/Kopio-tiedostosta-IMG_9440-768x512.jpg 768w, https:\/\/lahtipride.fi\/wp-content\/uploads\/2023\/04\/Kopio-tiedostosta-IMG_9440-1536x1024.jpg 1536w, https:\/\/lahtipride.fi\/wp-content\/uploads\/2023\/04\/Kopio-tiedostosta-IMG_9440-2048x1365.jpg 2048w, https:\/\/lahtipride.fi\/wp-content\/uploads\/2023\/04\/Kopio-tiedostosta-IMG_9440-360x240.jpg 360w\" sizes=\"(max-width: 750px) 100vw, 750px\" \/>\t\t\t\t\t\t\t\t\t\t\t<figcaption class=\"widget-image-caption wp-caption-text\"><\/figcaption>\n\t\t\t\t\t\t\t\t\t\t<\/figure>\n\t\t\t\t\t\t\t\t\t<\/div>\n\t\t\t\t<\/div>\n\t\t\t\t<div class=\"elementor-element elementor-element-1921243 elementor-widget elementor-widget-text-editor\" data-id=\"1921243\" data-element_type=\"widget\" data-e-type=\"widget\" data-widget_type=\"text-editor.default\">\n\t\t\t\t<div class=\"elementor-widget-container\">\n\t\t\t\t\t\t\t\t\t<p style=\"text-align: right;\">Kuvat: Monica Mustamo<\/p>\t\t\t\t\t\t\t\t<\/div>\n\t\t\t\t<\/div>\n\t\t\t\t\t<\/div>\n\t\t<\/div>\n\t\t\t\t\t<\/div>\n\t\t<\/section>\n\t\t\t\t<section class=\"elementor-section elementor-top-section elementor-element elementor-element-d9e2bb9 elementor-section-boxed elementor-section-height-default elementor-section-height-default\" data-id=\"d9e2bb9\" data-element_type=\"section\" data-e-type=\"section\">\n\t\t\t\t\t\t<div class=\"elementor-container elementor-column-gap-default\">\n\t\t\t\t\t<div class=\"elementor-column elementor-col-50 elementor-top-column elementor-element elementor-element-4a84cd6\" data-id=\"4a84cd6\" data-element_type=\"column\" data-e-type=\"column\">\n\t\t\t<div class=\"elementor-widget-wrap elementor-element-populated\">\n\t\t\t\t\t\t<div class=\"elementor-element elementor-element-5d28ffb elementor-widget elementor-widget-text-editor\" data-id=\"5d28ffb\" data-element_type=\"widget\" data-e-type=\"widget\" data-widget_type=\"text-editor.default\">\n\t\t\t\t<div class=\"elementor-widget-container\">\n\t\t\t\t\t\t\t\t\t<p>Ennen kulkuetta voit tulla valmistamaan kulkuerekvisiitat kylttipajaan Walimolle klo 11-12.30.<\/p>\t\t\t\t\t\t\t\t<\/div>\n\t\t\t\t<\/div>\n\t\t\t\t\t<\/div>\n\t\t<\/div>\n\t\t\t\t<div class=\"elementor-column elementor-col-50 elementor-top-column elementor-element elementor-element-c3282d6\" data-id=\"c3282d6\" data-element_type=\"column\" data-e-type=\"column\">\n\t\t\t<div class=\"elementor-widget-wrap elementor-element-populated\">\n\t\t\t\t\t\t<div class=\"elementor-element elementor-element-cc58c5f elementor-widget elementor-widget-text-editor\" data-id=\"cc58c5f\" data-element_type=\"widget\" data-e-type=\"widget\" data-widget_type=\"text-editor.default\">\n\t\t\t\t<div class=\"elementor-widget-container\">\n\t\t\t\t\t\t\t\t\t<p>Kulkue p\u00e4\u00e4ttyy Walimolle, jossa Pride-juhlinta jatkuu\u00a0p\u00e4iv\u00e4juhlan, musabingon ja illalla bileiden merkeiss\u00e4.\u00a0<\/p>\t\t\t\t\t\t\t\t<\/div>\n\t\t\t\t<\/div>\n\t\t\t\t\t<\/div>\n\t\t<\/div>\n\t\t\t\t\t<\/div>\n\t\t<\/section>\n\t\t\t\t<section class=\"elementor-section elementor-top-section elementor-element elementor-element-1a544ae elementor-section-boxed elementor-section-height-default elementor-section-height-default\" data-id=\"1a544ae\" data-element_type=\"section\" data-e-type=\"section\">\n\t\t\t\t\t\t<div class=\"elementor-container elementor-column-gap-default\">\n\t\t\t\t\t<div class=\"elementor-column elementor-col-100 elementor-top-column elementor-element elementor-element-a526523\" data-id=\"a526523\" data-element_type=\"column\" data-e-type=\"column\">\n\t\t\t<div class=\"elementor-widget-wrap elementor-element-populated\">\n\t\t\t\t\t\t<div class=\"elementor-element elementor-element-3c84a07 elementor-widget elementor-widget-spacer\" data-id=\"3c84a07\" data-element_type=\"widget\" data-e-type=\"widget\" data-widget_type=\"spacer.default\">\n\t\t\t\t<div class=\"elementor-widget-container\">\n\t\t\t\t\t\t\t<div class=\"elementor-spacer\">\n\t\t\t<div class=\"elementor-spacer-inner\"><\/div>\n\t\t<\/div>\n\t\t\t\t\t\t<\/div>\n\t\t\t\t<\/div>\n\t\t\t\t\t<\/div>\n\t\t<\/div>\n\t\t\t\t\t<\/div>\n\t\t<\/section>\n\t\t\t\t<\/div>\n\t\t","protected":false},"excerpt":{"rendered":"<p>Lahti Pride -kulkue 23.5.202623 Tervetuloa marssille! Perinteinen Lahti Pride -kulkue kulkee t\u00e4n\u00e4 vuonna kauppatorilta Walimolle. J\u00e4rjest\u00e4ytyminen alkaa klo 12.30 ja kulkue l\u00e4htee matkaan noin klo 13.10, joten saavuthan paikalle ennen l\u00e4ht\u00f6aikaa. Reitti on p\u00e4\u00e4osin tasainen, mutta sen varrella on erilaisia kiveyksi\u00e4, kiveyksien reunoja ja kapeampia kohtia. Reitin pituus on noin [&hellip;]<\/p>\n","protected":false},"author":2,"featured_media":0,"parent":0,"menu_order":0,"comment_status":"closed","ping_status":"closed","template":"","meta":{"footnotes":""},"class_list":["post-3121","page","type-page","status-publish","hentry"],"jetpack_sharing_enabled":true,"_links":{"self":[{"href":"https:\/\/lahtipride.fi\/index.php?rest_route=\/wp\/v2\/pages\/3121","targetHints":{"allow":["GET"]}}],"collection":[{"href":"https:\/\/lahtipride.fi\/index.php?rest_route=\/wp\/v2\/pages"}],"about":[{"href":"https:\/\/lahtipride.fi\/index.php?rest_route=\/wp\/v2\/types\/page"}],"author":[{"embeddable":true,"href":"https:\/\/lahtipride.fi\/index.php?rest_route=\/wp\/v2\/users\/2"}],"replies":[{"embeddable":true,"href":"https:\/\/lahtipride.fi\/index.php?rest_route=%2Fwp%2Fv2%2Fcomments&post=3121"}],"version-history":[{"count":11,"href":"https:\/\/lahtipride.fi\/index.php?rest_route=\/wp\/v2\/pages\/3121\/revisions"}],"predecessor-version":[{"id":5624,"href":"https:\/\/lahtipride.fi\/index.php?rest_route=\/wp\/v2\/pages\/3121\/revisions\/5624"}],"wp:attachment":[{"href":"https:\/\/lahtipride.fi\/index.php?rest_route=%2Fwp%2Fv2%2Fmedia&parent=3121"}],"curies":[{"name":"wp","href":"https:\/\/api.w.org\/{rel}","templated":true}]}}