{"id":3588,"date":"2024-02-20T16:15:30","date_gmt":"2024-02-20T14:15:30","guid":{"rendered":"https:\/\/lahtipride.fi\/?page_id=3588"},"modified":"2026-03-03T15:33:16","modified_gmt":"2026-03-03T13:33:16","slug":"turvallisemman-tilan-ohje","status":"publish","type":"page","link":"https:\/\/lahtipride.fi\/?page_id=3588","title":{"rendered":"Turvallisempi tila"},"content":{"rendered":"\t\t<div data-elementor-type=\"wp-page\" data-elementor-id=\"3588\" class=\"elementor elementor-3588\">\n\t\t\t\t\t\t<section class=\"elementor-section elementor-top-section elementor-element elementor-element-fb08d37 elementor-section-full_width elementor-section-height-default elementor-section-height-default\" data-id=\"fb08d37\" data-element_type=\"section\" data-e-type=\"section\">\n\t\t\t\t\t\t<div class=\"elementor-container elementor-column-gap-no\">\n\t\t\t\t\t<div class=\"elementor-column elementor-col-100 elementor-top-column elementor-element elementor-element-dbb8237\" data-id=\"dbb8237\" data-element_type=\"column\" data-e-type=\"column\">\n\t\t\t<div class=\"elementor-widget-wrap elementor-element-populated\">\n\t\t\t\t\t\t<div class=\"elementor-element elementor-element-5e36a6e elementor-widget elementor-widget-image\" data-id=\"5e36a6e\" data-element_type=\"widget\" data-e-type=\"widget\" data-widget_type=\"image.default\">\n\t\t\t\t<div class=\"elementor-widget-container\">\n\t\t\t\t\t\t\t\t\t\t\t\t<figure class=\"wp-caption\">\n\t\t\t\t\t\t\t\t\t\t<img fetchpriority=\"high\" decoding=\"async\" width=\"2560\" height=\"1707\" src=\"https:\/\/lahtipride.fi\/wp-content\/uploads\/2026\/02\/1000067858-Raf-Hart-scaled.jpg\" class=\"attachment-full size-full wp-image-4990\" alt=\"Kuva: Raf Hart\" srcset=\"https:\/\/lahtipride.fi\/wp-content\/uploads\/2026\/02\/1000067858-Raf-Hart-scaled.jpg 2560w, https:\/\/lahtipride.fi\/wp-content\/uploads\/2026\/02\/1000067858-Raf-Hart-300x200.jpg 300w, https:\/\/lahtipride.fi\/wp-content\/uploads\/2026\/02\/1000067858-Raf-Hart-1024x683.jpg 1024w, https:\/\/lahtipride.fi\/wp-content\/uploads\/2026\/02\/1000067858-Raf-Hart-768x512.jpg 768w, https:\/\/lahtipride.fi\/wp-content\/uploads\/2026\/02\/1000067858-Raf-Hart-1536x1024.jpg 1536w, https:\/\/lahtipride.fi\/wp-content\/uploads\/2026\/02\/1000067858-Raf-Hart-2048x1365.jpg 2048w, https:\/\/lahtipride.fi\/wp-content\/uploads\/2026\/02\/1000067858-Raf-Hart-360x240.jpg 360w\" sizes=\"(max-width: 2560px) 100vw, 2560px\" \/>\t\t\t\t\t\t\t\t\t\t\t<figcaption class=\"widget-image-caption wp-caption-text\"><\/figcaption>\n\t\t\t\t\t\t\t\t\t\t<\/figure>\n\t\t\t\t\t\t\t\t\t<\/div>\n\t\t\t\t<\/div>\n\t\t\t\t\t<\/div>\n\t\t<\/div>\n\t\t\t\t\t<\/div>\n\t\t<\/section>\n\t\t\t\t<section class=\"elementor-section elementor-top-section elementor-element elementor-element-2b86148 elementor-section-boxed elementor-section-height-default elementor-section-height-default\" data-id=\"2b86148\" data-element_type=\"section\" data-e-type=\"section\" data-settings=\"{&quot;background_background&quot;:&quot;classic&quot;}\">\n\t\t\t\t\t\t<div class=\"elementor-container elementor-column-gap-default\">\n\t\t\t\t\t<div class=\"elementor-column elementor-col-100 elementor-top-column elementor-element elementor-element-cd48664\" data-id=\"cd48664\" data-element_type=\"column\" data-e-type=\"column\">\n\t\t\t<div class=\"elementor-widget-wrap elementor-element-populated\">\n\t\t\t\t\t\t<div class=\"elementor-element elementor-element-05b838f elementor-widget elementor-widget-spacer\" data-id=\"05b838f\" data-element_type=\"widget\" data-e-type=\"widget\" data-widget_type=\"spacer.default\">\n\t\t\t\t<div class=\"elementor-widget-container\">\n\t\t\t\t\t\t\t<div class=\"elementor-spacer\">\n\t\t\t<div class=\"elementor-spacer-inner\"><\/div>\n\t\t<\/div>\n\t\t\t\t\t\t<\/div>\n\t\t\t\t<\/div>\n\t\t\t\t\t<\/div>\n\t\t<\/div>\n\t\t\t\t\t<\/div>\n\t\t<\/section>\n\t\t\t\t<section class=\"elementor-section elementor-top-section elementor-element elementor-element-13f9209 elementor-section-boxed elementor-section-height-default elementor-section-height-default\" data-id=\"13f9209\" data-element_type=\"section\" data-e-type=\"section\" data-settings=\"{&quot;background_background&quot;:&quot;classic&quot;}\">\n\t\t\t\t\t\t<div class=\"elementor-container elementor-column-gap-default\">\n\t\t\t\t\t<div class=\"elementor-column elementor-col-100 elementor-top-column elementor-element elementor-element-a371470\" data-id=\"a371470\" data-element_type=\"column\" data-e-type=\"column\">\n\t\t\t<div class=\"elementor-widget-wrap elementor-element-populated\">\n\t\t\t\t\t\t<div class=\"elementor-element elementor-element-442cdc0 elementor-widget elementor-widget-heading\" data-id=\"442cdc0\" data-element_type=\"widget\" data-e-type=\"widget\" data-widget_type=\"heading.default\">\n\t\t\t\t<div class=\"elementor-widget-container\">\n\t\t\t\t\t<h2 class=\"elementor-heading-title elementor-size-default\"><b>TURVALLISEMPI TILA<\/b><\/h2>\t\t\t\t<\/div>\n\t\t\t\t<\/div>\n\t\t\t\t\t<\/div>\n\t\t<\/div>\n\t\t\t\t\t<\/div>\n\t\t<\/section>\n\t\t\t\t<section class=\"elementor-section elementor-top-section elementor-element elementor-element-7f2e757 elementor-section-boxed elementor-section-height-default elementor-section-height-default\" data-id=\"7f2e757\" data-element_type=\"section\" data-e-type=\"section\" data-settings=\"{&quot;background_background&quot;:&quot;classic&quot;}\">\n\t\t\t\t\t\t<div class=\"elementor-container elementor-column-gap-default\">\n\t\t\t\t\t<div class=\"elementor-column elementor-col-100 elementor-top-column elementor-element elementor-element-016ff0c\" data-id=\"016ff0c\" data-element_type=\"column\" data-e-type=\"column\">\n\t\t\t<div class=\"elementor-widget-wrap elementor-element-populated\">\n\t\t\t\t\t\t<div class=\"elementor-element elementor-element-337bcda elementor-widget elementor-widget-spacer\" data-id=\"337bcda\" data-element_type=\"widget\" data-e-type=\"widget\" data-widget_type=\"spacer.default\">\n\t\t\t\t<div class=\"elementor-widget-container\">\n\t\t\t\t\t\t\t<div class=\"elementor-spacer\">\n\t\t\t<div class=\"elementor-spacer-inner\"><\/div>\n\t\t<\/div>\n\t\t\t\t\t\t<\/div>\n\t\t\t\t<\/div>\n\t\t\t\t\t<\/div>\n\t\t<\/div>\n\t\t\t\t\t<\/div>\n\t\t<\/section>\n\t\t\t\t<section class=\"elementor-section elementor-top-section elementor-element elementor-element-64d2203 elementor-section-boxed elementor-section-height-default elementor-section-height-default\" data-id=\"64d2203\" data-element_type=\"section\" data-e-type=\"section\" data-settings=\"{&quot;background_background&quot;:&quot;classic&quot;}\">\n\t\t\t\t\t\t<div class=\"elementor-container elementor-column-gap-default\">\n\t\t\t\t\t<div class=\"elementor-column elementor-col-50 elementor-top-column elementor-element elementor-element-462f456\" data-id=\"462f456\" data-element_type=\"column\" data-e-type=\"column\">\n\t\t\t<div class=\"elementor-widget-wrap elementor-element-populated\">\n\t\t\t\t\t\t<div class=\"elementor-element elementor-element-747a418 elementor-widget elementor-widget-text-editor\" data-id=\"747a418\" data-element_type=\"widget\" data-e-type=\"widget\" data-widget_type=\"text-editor.default\">\n\t\t\t\t<div class=\"elementor-widget-container\">\n\t\t\t\t\t\t\t\t\t<p><span style=\"color: #000000; font-size: 16px; letter-spacing: 0.3px; -webkit-text-stroke-color: #000000; white-space-collapse: preserve;\">Lahti Priden tavoitteena on luoda tiloja ja mahdollisuuksia kohtaamisille, oppimiselle sek\u00e4 yhteenkuuluvuuden ja avoimuuden lis\u00e4\u00e4miselle.<\/span><br style=\"color: #000000; font-size: 16px; letter-spacing: 0.3px; -webkit-text-stroke-color: #000000; white-space-collapse: preserve;\" \/><br style=\"color: #000000; font-size: 16px; letter-spacing: 0.3px; -webkit-text-stroke-color: #000000; white-space-collapse: preserve;\" \/><span style=\"color: #000000; font-size: 16px; letter-spacing: 0.3px; -webkit-text-stroke-color: #000000; white-space-collapse: preserve;\">On t\u00e4rke\u00e4\u00e4, ett\u00e4 jokainen tapahtumaan osallistuja voi tuntea olonsa turvalliseksi, eli kaikenlainen h\u00e4irint\u00e4 ja syrjint\u00e4 on ehdottomasti kielletty\u00e4. <\/span><span style=\"color: #000000; font-size: 16px; letter-spacing: 0.3px; -webkit-text-stroke-color: #000000; white-space-collapse: preserve;\">Turvallisemman tilan periaatteista vastaa ensik\u00e4dess\u00e4 tapahtumasta vastaava.<\/span><span style=\"color: #000000; font-size: 16px; letter-spacing: 0.3px; -webkit-text-stroke-color: #000000; white-space-collapse: preserve;\"><\/span><\/p><p><span style=\"color: #020101; font-size: 16px; letter-spacing: 0.3px; -webkit-text-stroke-color: #000000; white-space-collapse: preserve;\">Jos joudut ep\u00e4asiallisen kohtelun kohteeksi tapahtumassa, kerro asiasta vastaavalle \u2013 h\u00e4n auttaa tilanteen k\u00e4sittelyss\u00e4.<\/span><span style=\"color: #020101; font-size: 16px; letter-spacing: 0.3px; -webkit-text-stroke-color: #000000; white-space-collapse: preserve;\"><\/span><span style=\"color: #000000; font-size: 16px; letter-spacing: 0.3px; -webkit-text-stroke-color: #000000; white-space-collapse: preserve;\"><\/span><\/p>\t\t\t\t\t\t\t\t<\/div>\n\t\t\t\t<\/div>\n\t\t\t\t<div class=\"elementor-element elementor-element-c519a69 elementor-widget__width-initial elementor-widget elementor-widget-heading\" data-id=\"c519a69\" data-element_type=\"widget\" data-e-type=\"widget\" data-widget_type=\"heading.default\">\n\t\t\t\t<div class=\"elementor-widget-container\">\n\t\t\t\t\t<p class=\"elementor-heading-title elementor-size-default\"><a href=\"https:\/\/www.lahdenseta.fi\/yhteystiedot\"><b><span style=\"letter-spacing: 0.3px\">\u2192 <\/span><span style=\"letter-spacing: 0.3px\">Lahden Seta Ry:n h\u00e4irint\u00e4yhteyshenkil\u00f6n yhteystiedot<\/span><span style=\"letter-spacing: 0.3px;letter-spacing: 0.3px\"><\/span><\/b><\/a><\/p>\t\t\t\t<\/div>\n\t\t\t\t<\/div>\n\t\t\t\t\t<\/div>\n\t\t<\/div>\n\t\t\t\t<div class=\"elementor-column elementor-col-50 elementor-top-column elementor-element elementor-element-3cc47db\" data-id=\"3cc47db\" data-element_type=\"column\" data-e-type=\"column\">\n\t\t\t<div class=\"elementor-widget-wrap elementor-element-populated\">\n\t\t\t\t\t\t<div class=\"elementor-element elementor-element-8826141 elementor-widget elementor-widget-text-editor\" data-id=\"8826141\" data-element_type=\"widget\" data-e-type=\"widget\" data-widget_type=\"text-editor.default\">\n\t\t\t\t<div class=\"elementor-widget-container\">\n\t\t\t\t\t\t\t\t\t<ul style=\"font-size: 16px;\"><li>Kaikenlainen syrjint\u00e4, rasismi ja h\u00e4irint\u00e4 on ehdottomasti kielletty\u00e4.<\/li><li>Kunnioita omia ja toisen rajoja &#8211; fyysisi\u00e4 ja henkisi\u00e4.<\/li><li>EI TARKOITTAA EI. Lopeta tai muuta k\u00e4yt\u00f6st\u00e4si, jos toinen niin pyyt\u00e4\u00e4.<\/li><li>\u00c4l\u00e4 tee oletuksia kenenk\u00e4\u00e4n sukupuolesta, seksuaalisesta suuntautumisesta, toimintakyvyst\u00e4 tai muista henkil\u00f6kohtaisista ominaisuuksista.<\/li><li>Ole avoin ja kuuntele &#8211; \u00e4l\u00e4 ole tai yleist\u00e4 kenenk\u00e4\u00e4n kokemusta.<\/li><li>Kunnioita jokaisen oikeutta itsem\u00e4\u00e4rittelyyn tai -m\u00e4\u00e4rittelem\u00e4tt\u00f6myyteen.<\/li><li>Anna tilaa! Huolehdi, ett\u00e4 kaikki tulevat kuulluksi ja p\u00e4\u00e4sev\u00e4t osalliseksi.<\/li><li>Jokainen on vastuussa turvallisen tilan toteutumisesta; jos havaitset syrjint\u00e4\u00e4, rasismia tai muuta h\u00e4irint\u00e4\u00e4, puutu toimintaan.<\/li><\/ul>\t\t\t\t\t\t\t\t<\/div>\n\t\t\t\t<\/div>\n\t\t\t\t\t<\/div>\n\t\t<\/div>\n\t\t\t\t\t<\/div>\n\t\t<\/section>\n\t\t\t\t<section class=\"elementor-section elementor-top-section elementor-element elementor-element-2c69cc9 elementor-section-boxed elementor-section-height-default elementor-section-height-default\" data-id=\"2c69cc9\" data-element_type=\"section\" data-e-type=\"section\" data-settings=\"{&quot;background_background&quot;:&quot;classic&quot;}\">\n\t\t\t\t\t\t<div class=\"elementor-container elementor-column-gap-default\">\n\t\t\t\t\t<div class=\"elementor-column elementor-col-100 elementor-top-column elementor-element elementor-element-2495301\" data-id=\"2495301\" data-element_type=\"column\" data-e-type=\"column\">\n\t\t\t<div class=\"elementor-widget-wrap elementor-element-populated\">\n\t\t\t\t\t\t<div class=\"elementor-element elementor-element-26626b9 elementor-widget elementor-widget-spacer\" data-id=\"26626b9\" data-element_type=\"widget\" data-e-type=\"widget\" data-widget_type=\"spacer.default\">\n\t\t\t\t<div class=\"elementor-widget-container\">\n\t\t\t\t\t\t\t<div class=\"elementor-spacer\">\n\t\t\t<div class=\"elementor-spacer-inner\"><\/div>\n\t\t<\/div>\n\t\t\t\t\t\t<\/div>\n\t\t\t\t<\/div>\n\t\t\t\t\t<\/div>\n\t\t<\/div>\n\t\t\t\t\t<\/div>\n\t\t<\/section>\n\t\t\t\t<\/div>\n\t\t","protected":false},"excerpt":{"rendered":"<p>TURVALLISEMPI TILA Lahti Priden tavoitteena on luoda tiloja ja mahdollisuuksia kohtaamisille, oppimiselle sek\u00e4 yhteenkuuluvuuden ja avoimuuden lis\u00e4\u00e4miselle.On t\u00e4rke\u00e4\u00e4, ett\u00e4 jokainen tapahtumaan osallistuja voi tuntea olonsa turvalliseksi, eli kaikenlainen h\u00e4irint\u00e4 ja syrjint\u00e4 on ehdottomasti kielletty\u00e4. Turvallisemman tilan periaatteista vastaa ensik\u00e4dess\u00e4 tapahtumasta vastaava. Jos joudut ep\u00e4asiallisen kohtelun kohteeksi tapahtumassa, kerro asiasta vastaavalle [&hellip;]<\/p>\n","protected":false},"author":2,"featured_media":0,"parent":0,"menu_order":0,"comment_status":"closed","ping_status":"closed","template":"elementor_header_footer","meta":{"footnotes":""},"class_list":["post-3588","page","type-page","status-publish","hentry"],"jetpack_sharing_enabled":true,"_links":{"self":[{"href":"https:\/\/lahtipride.fi\/index.php?rest_route=\/wp\/v2\/pages\/3588","targetHints":{"allow":["GET"]}}],"collection":[{"href":"https:\/\/lahtipride.fi\/index.php?rest_route=\/wp\/v2\/pages"}],"about":[{"href":"https:\/\/lahtipride.fi\/index.php?rest_route=\/wp\/v2\/types\/page"}],"author":[{"embeddable":true,"href":"https:\/\/lahtipride.fi\/index.php?rest_route=\/wp\/v2\/users\/2"}],"replies":[{"embeddable":true,"href":"https:\/\/lahtipride.fi\/index.php?rest_route=%2Fwp%2Fv2%2Fcomments&post=3588"}],"version-history":[{"count":31,"href":"https:\/\/lahtipride.fi\/index.php?rest_route=\/wp\/v2\/pages\/3588\/revisions"}],"predecessor-version":[{"id":5347,"href":"https:\/\/lahtipride.fi\/index.php?rest_route=\/wp\/v2\/pages\/3588\/revisions\/5347"}],"wp:attachment":[{"href":"https:\/\/lahtipride.fi\/index.php?rest_route=%2Fwp%2Fv2%2Fmedia&parent=3588"}],"curies":[{"name":"wp","href":"https:\/\/api.w.org\/{rel}","templated":true}]}}