{"id":3644,"date":"2024-02-26T21:09:39","date_gmt":"2024-02-26T19:09:39","guid":{"rendered":"https:\/\/lahtipride.fi\/?page_id=3644"},"modified":"2026-02-16T11:34:22","modified_gmt":"2026-02-16T09:34:22","slug":"lahden-seta-ry-2","status":"publish","type":"page","link":"https:\/\/lahtipride.fi\/?page_id=3644","title":{"rendered":"Lahden Seta Ry"},"content":{"rendered":"\t\t<div data-elementor-type=\"wp-page\" data-elementor-id=\"3644\" class=\"elementor elementor-3644\">\n\t\t\t\t\t\t<section class=\"elementor-section elementor-top-section elementor-element elementor-element-9e3f889 elementor-section-boxed elementor-section-height-default elementor-section-height-default\" data-id=\"9e3f889\" data-element_type=\"section\" data-e-type=\"section\" data-settings=\"{&quot;background_background&quot;:&quot;classic&quot;}\">\n\t\t\t\t\t\t<div class=\"elementor-container elementor-column-gap-default\">\n\t\t\t\t\t<div class=\"elementor-column elementor-col-100 elementor-top-column elementor-element elementor-element-c9a2622\" data-id=\"c9a2622\" data-element_type=\"column\" data-e-type=\"column\">\n\t\t\t<div class=\"elementor-widget-wrap elementor-element-populated\">\n\t\t\t\t\t\t<div class=\"elementor-element elementor-element-84d6380 elementor-widget elementor-widget-spacer\" data-id=\"84d6380\" data-element_type=\"widget\" data-e-type=\"widget\" data-widget_type=\"spacer.default\">\n\t\t\t\t<div class=\"elementor-widget-container\">\n\t\t\t\t\t\t\t<div class=\"elementor-spacer\">\n\t\t\t<div class=\"elementor-spacer-inner\"><\/div>\n\t\t<\/div>\n\t\t\t\t\t\t<\/div>\n\t\t\t\t<\/div>\n\t\t\t\t\t<\/div>\n\t\t<\/div>\n\t\t\t\t\t<\/div>\n\t\t<\/section>\n\t\t\t\t<section class=\"elementor-section elementor-top-section elementor-element elementor-element-b25c978 elementor-section-boxed elementor-section-height-default elementor-section-height-default\" data-id=\"b25c978\" data-element_type=\"section\" data-e-type=\"section\" data-settings=\"{&quot;background_background&quot;:&quot;classic&quot;}\">\n\t\t\t\t\t\t<div class=\"elementor-container elementor-column-gap-default\">\n\t\t\t\t\t<div class=\"elementor-column elementor-col-100 elementor-top-column elementor-element elementor-element-0546854\" data-id=\"0546854\" data-element_type=\"column\" data-e-type=\"column\">\n\t\t\t<div class=\"elementor-widget-wrap elementor-element-populated\">\n\t\t\t\t\t\t<div class=\"elementor-element elementor-element-626bb13 elementor-widget elementor-widget-heading\" data-id=\"626bb13\" data-element_type=\"widget\" data-e-type=\"widget\" data-widget_type=\"heading.default\">\n\t\t\t\t<div class=\"elementor-widget-container\">\n\t\t\t\t\t<h2 class=\"elementor-heading-title elementor-size-default\"><b>LAHTI PRIDEN J\u00c4RJEST\u00c4\u00c4 LAHDEN SETA RY<\/b><\/h2>\t\t\t\t<\/div>\n\t\t\t\t<\/div>\n\t\t\t\t\t<\/div>\n\t\t<\/div>\n\t\t\t\t\t<\/div>\n\t\t<\/section>\n\t\t\t\t<section class=\"elementor-section elementor-top-section elementor-element elementor-element-04bd00f elementor-section-boxed elementor-section-height-default elementor-section-height-default\" data-id=\"04bd00f\" data-element_type=\"section\" data-e-type=\"section\" data-settings=\"{&quot;background_background&quot;:&quot;classic&quot;}\">\n\t\t\t\t\t\t<div class=\"elementor-container elementor-column-gap-default\">\n\t\t\t\t\t<div class=\"elementor-column elementor-col-50 elementor-top-column elementor-element elementor-element-c47ebed\" data-id=\"c47ebed\" data-element_type=\"column\" data-e-type=\"column\">\n\t\t\t<div class=\"elementor-widget-wrap elementor-element-populated\">\n\t\t\t\t\t\t<div class=\"elementor-element elementor-element-41c5af5 elementor-widget elementor-widget-text-editor\" data-id=\"41c5af5\" data-element_type=\"widget\" data-e-type=\"widget\" data-widget_type=\"text-editor.default\">\n\t\t\t\t<div class=\"elementor-widget-container\">\n\t\t\t\t\t\t\t\t\t<p><br style=\"color: #000000; font-size: 17px; letter-spacing: 0.3px; -webkit-text-stroke-color: #000000; white-space-collapse: preserve;\" \/><span style=\"color: #000000; font-size: 17px; letter-spacing: 0.3px; -webkit-text-stroke-color: #000000; white-space-collapse: preserve;\">Yhdistys jakaa tietoa seksuaalisuuden ja sukupuolen moninaisuudesta sek\u00e4 puolustaa seksuaali- ja sukupuoliv\u00e4hemmist\u00f6jen oikeuksia yhteiskunnassa. Lis\u00e4ksi Lahden Seta pyrkii ehk\u00e4isem\u00e4\u00e4n seksuaalisen suuntautumisen ja sukupuolen ilmentymiseen kohdistuvia ennakkoluuloja ja syrjint\u00e4\u00e4.<\/span><br style=\"color: #000000; font-size: 17px; letter-spacing: 0.3px; -webkit-text-stroke-color: #000000; white-space-collapse: preserve;\" \/><br style=\"color: #000000; font-size: 17px; letter-spacing: 0.3px; -webkit-text-stroke-color: #000000; white-space-collapse: preserve;\" \/><span style=\"color: #000000; font-size: 17px; letter-spacing: 0.3px; -webkit-text-stroke-color: #000000; white-space-collapse: preserve;\">Lahti Pride on Lahden Setan n\u00e4kyvin ja suurin tapahtuma, jonka j\u00e4rjest\u00e4minen on suuri haaste pienelle yhdistykselle, koska voimavarat ovat rajalliset. <\/span><br style=\"color: #000000; font-size: 17px; letter-spacing: 0.3px; -webkit-text-stroke-color: #000000; white-space-collapse: preserve;\" \/><br style=\"color: #000000; font-size: 17px; letter-spacing: 0.3px; -webkit-text-stroke-color: #000000; white-space-collapse: preserve;\" \/><span style=\"color: #000000; font-size: 17px; letter-spacing: 0.3px; -webkit-text-stroke-color: #000000; white-space-collapse: preserve;\">Jos haluat tukea Lahti Pridea, erilaisten vapaaehtoist\u00f6iden lis\u00e4ksi Lahden Setan j\u00e4seneksi liittym\u00e4ll\u00e4 osoitat konkreettisesti tukesi. J\u00e4senm\u00e4\u00e4r\u00e4ll\u00e4 on merkityst\u00e4 my\u00f6s taloudellisesti, koska yhdistys rahoittaa toimintansa p\u00e4\u00e4osin j\u00e4senmaksuin ja useimmat avustukset, joilla my\u00f6s Lahti Pridea rahoitetaan, m\u00e4\u00e4r\u00e4ytyv\u00e4t yhdistyksen j\u00e4senm\u00e4\u00e4r\u00e4n mukaan.<\/span><span style=\"color: #000000; font-size: 17px; letter-spacing: 0.3px; -webkit-text-stroke-color: #000000; white-space-collapse: preserve;\"><\/span><\/p>\t\t\t\t\t\t\t\t<\/div>\n\t\t\t\t<\/div>\n\t\t\t\t<div class=\"elementor-element elementor-element-645c362 elementor-widget elementor-widget-button\" data-id=\"645c362\" data-element_type=\"widget\" data-e-type=\"widget\" data-widget_type=\"button.default\">\n\t\t\t\t<div class=\"elementor-widget-container\">\n\t\t\t\t\t\t\t\t\t<div class=\"elementor-button-wrapper\">\n\t\t\t\t\t<a class=\"elementor-button elementor-button-link elementor-size-sm\" href=\"https:\/\/www.lahdenseta.fi\/\">\n\t\t\t\t\t\t<span class=\"elementor-button-content-wrapper\">\n\t\t\t\t\t\t\t\t\t<span class=\"elementor-button-text\">Lahden Seta ry:n j\u00e4seneksi voi liitty\u00e4 nettisivuillamme!<\/span>\n\t\t\t\t\t<\/span>\n\t\t\t\t\t<\/a>\n\t\t\t\t<\/div>\n\t\t\t\t\t\t\t\t<\/div>\n\t\t\t\t<\/div>\n\t\t\t\t\t<\/div>\n\t\t<\/div>\n\t\t\t\t<div class=\"elementor-column elementor-col-50 elementor-top-column elementor-element elementor-element-c5d6cb8\" data-id=\"c5d6cb8\" data-element_type=\"column\" data-e-type=\"column\">\n\t\t\t<div class=\"elementor-widget-wrap elementor-element-populated\">\n\t\t\t\t\t\t<div class=\"elementor-element elementor-element-fd16e87 elementor-widget elementor-widget-image\" data-id=\"fd16e87\" data-element_type=\"widget\" data-e-type=\"widget\" data-widget_type=\"image.default\">\n\t\t\t\t<div class=\"elementor-widget-container\">\n\t\t\t\t\t\t\t\t\t\t\t\t\t\t\t<img fetchpriority=\"high\" decoding=\"async\" width=\"2560\" height=\"1707\" src=\"https:\/\/lahtipride.fi\/wp-content\/uploads\/2023\/06\/IMG_0189-scaled.jpg\" class=\"attachment-full size-full wp-image-3494\" alt=\"\" srcset=\"https:\/\/lahtipride.fi\/wp-content\/uploads\/2023\/06\/IMG_0189-scaled.jpg 2560w, https:\/\/lahtipride.fi\/wp-content\/uploads\/2023\/06\/IMG_0189-300x200.jpg 300w, https:\/\/lahtipride.fi\/wp-content\/uploads\/2023\/06\/IMG_0189-1024x683.jpg 1024w, https:\/\/lahtipride.fi\/wp-content\/uploads\/2023\/06\/IMG_0189-768x512.jpg 768w, https:\/\/lahtipride.fi\/wp-content\/uploads\/2023\/06\/IMG_0189-1536x1024.jpg 1536w, https:\/\/lahtipride.fi\/wp-content\/uploads\/2023\/06\/IMG_0189-2048x1365.jpg 2048w, https:\/\/lahtipride.fi\/wp-content\/uploads\/2023\/06\/IMG_0189-360x240.jpg 360w\" sizes=\"(max-width: 2560px) 100vw, 2560px\" \/>\t\t\t\t\t\t\t\t\t\t\t\t\t\t\t<\/div>\n\t\t\t\t<\/div>\n\t\t\t\t\t<\/div>\n\t\t<\/div>\n\t\t\t\t\t<\/div>\n\t\t<\/section>\n\t\t\t\t<section class=\"elementor-section elementor-top-section elementor-element elementor-element-9e57907 elementor-section-boxed elementor-section-height-default elementor-section-height-default\" data-id=\"9e57907\" data-element_type=\"section\" data-e-type=\"section\" data-settings=\"{&quot;background_background&quot;:&quot;classic&quot;}\">\n\t\t\t\t\t\t<div class=\"elementor-container elementor-column-gap-default\">\n\t\t\t\t\t<div class=\"elementor-column elementor-col-100 elementor-top-column elementor-element elementor-element-d66d2bf\" data-id=\"d66d2bf\" data-element_type=\"column\" data-e-type=\"column\">\n\t\t\t<div class=\"elementor-widget-wrap elementor-element-populated\">\n\t\t\t\t\t\t<div class=\"elementor-element elementor-element-e48cf9e elementor-widget elementor-widget-spacer\" data-id=\"e48cf9e\" data-element_type=\"widget\" data-e-type=\"widget\" data-widget_type=\"spacer.default\">\n\t\t\t\t<div class=\"elementor-widget-container\">\n\t\t\t\t\t\t\t<div class=\"elementor-spacer\">\n\t\t\t<div class=\"elementor-spacer-inner\"><\/div>\n\t\t<\/div>\n\t\t\t\t\t\t<\/div>\n\t\t\t\t<\/div>\n\t\t\t\t\t<\/div>\n\t\t<\/div>\n\t\t\t\t\t<\/div>\n\t\t<\/section>\n\t\t\t\t<\/div>\n\t\t","protected":false},"excerpt":{"rendered":"<p>LAHTI PRIDEN J\u00c4RJEST\u00c4\u00c4 LAHDEN SETA RY Yhdistys jakaa tietoa seksuaalisuuden ja sukupuolen moninaisuudesta sek\u00e4 puolustaa seksuaali- ja sukupuoliv\u00e4hemmist\u00f6jen oikeuksia yhteiskunnassa. Lis\u00e4ksi Lahden Seta pyrkii ehk\u00e4isem\u00e4\u00e4n seksuaalisen suuntautumisen ja sukupuolen ilmentymiseen kohdistuvia ennakkoluuloja ja syrjint\u00e4\u00e4.Lahti Pride on Lahden Setan n\u00e4kyvin ja suurin tapahtuma, jonka j\u00e4rjest\u00e4minen on suuri haaste pienelle yhdistykselle, koska [&hellip;]<\/p>\n","protected":false},"author":2,"featured_media":0,"parent":0,"menu_order":0,"comment_status":"closed","ping_status":"closed","template":"elementor_header_footer","meta":{"footnotes":""},"class_list":["post-3644","page","type-page","status-publish","hentry"],"jetpack_sharing_enabled":true,"_links":{"self":[{"href":"https:\/\/lahtipride.fi\/index.php?rest_route=\/wp\/v2\/pages\/3644","targetHints":{"allow":["GET"]}}],"collection":[{"href":"https:\/\/lahtipride.fi\/index.php?rest_route=\/wp\/v2\/pages"}],"about":[{"href":"https:\/\/lahtipride.fi\/index.php?rest_route=\/wp\/v2\/types\/page"}],"author":[{"embeddable":true,"href":"https:\/\/lahtipride.fi\/index.php?rest_route=\/wp\/v2\/users\/2"}],"replies":[{"embeddable":true,"href":"https:\/\/lahtipride.fi\/index.php?rest_route=%2Fwp%2Fv2%2Fcomments&post=3644"}],"version-history":[{"count":28,"href":"https:\/\/lahtipride.fi\/index.php?rest_route=\/wp\/v2\/pages\/3644\/revisions"}],"predecessor-version":[{"id":5058,"href":"https:\/\/lahtipride.fi\/index.php?rest_route=\/wp\/v2\/pages\/3644\/revisions\/5058"}],"wp:attachment":[{"href":"https:\/\/lahtipride.fi\/index.php?rest_route=%2Fwp%2Fv2%2Fmedia&parent=3644"}],"curies":[{"name":"wp","href":"https:\/\/api.w.org\/{rel}","templated":true}]}}