{"id":5217,"date":"2026-02-27T11:44:28","date_gmt":"2026-02-27T09:44:28","guid":{"rendered":"https:\/\/lahtipride.fi\/?page_id=5217"},"modified":"2026-03-03T19:48:35","modified_gmt":"2026-03-03T17:48:35","slug":"join_up","status":"publish","type":"page","link":"https:\/\/lahtipride.fi\/?page_id=5217&lang=en","title":{"rendered":"BE INVOLVED"},"content":{"rendered":"\t\t<div data-elementor-type=\"wp-page\" data-elementor-id=\"5217\" class=\"elementor elementor-5217\">\n\t\t\t\t\t\t<section class=\"elementor-section elementor-top-section elementor-element elementor-element-410739f elementor-section-full_width elementor-section-height-default elementor-section-height-default\" data-id=\"410739f\" data-element_type=\"section\" data-e-type=\"section\">\n\t\t\t\t\t\t<div class=\"elementor-container elementor-column-gap-no\">\n\t\t\t\t\t<div class=\"elementor-column elementor-col-100 elementor-top-column elementor-element elementor-element-c03808b\" data-id=\"c03808b\" data-element_type=\"column\" data-e-type=\"column\">\n\t\t\t<div class=\"elementor-widget-wrap elementor-element-populated\">\n\t\t\t\t\t\t<div class=\"elementor-element elementor-element-6a08c25 elementor-widget elementor-widget-image\" data-id=\"6a08c25\" data-element_type=\"widget\" data-e-type=\"widget\" data-widget_type=\"image.default\">\n\t\t\t\t<div class=\"elementor-widget-container\">\n\t\t\t\t\t\t\t\t\t\t\t\t\t\t\t<img fetchpriority=\"high\" decoding=\"async\" width=\"2560\" height=\"1707\" src=\"https:\/\/lahtipride.fi\/wp-content\/uploads\/2026\/02\/Kulkue-ja-paivajuhla-Antti-Sihlman-Lahden-kaupunki-1-scaled.jpg\" class=\"attachment-full size-full wp-image-5070\" alt=\"\" srcset=\"https:\/\/lahtipride.fi\/wp-content\/uploads\/2026\/02\/Kulkue-ja-paivajuhla-Antti-Sihlman-Lahden-kaupunki-1-scaled.jpg 2560w, https:\/\/lahtipride.fi\/wp-content\/uploads\/2026\/02\/Kulkue-ja-paivajuhla-Antti-Sihlman-Lahden-kaupunki-1-300x200.jpg 300w, https:\/\/lahtipride.fi\/wp-content\/uploads\/2026\/02\/Kulkue-ja-paivajuhla-Antti-Sihlman-Lahden-kaupunki-1-1024x683.jpg 1024w, https:\/\/lahtipride.fi\/wp-content\/uploads\/2026\/02\/Kulkue-ja-paivajuhla-Antti-Sihlman-Lahden-kaupunki-1-768x512.jpg 768w, https:\/\/lahtipride.fi\/wp-content\/uploads\/2026\/02\/Kulkue-ja-paivajuhla-Antti-Sihlman-Lahden-kaupunki-1-1536x1024.jpg 1536w, https:\/\/lahtipride.fi\/wp-content\/uploads\/2026\/02\/Kulkue-ja-paivajuhla-Antti-Sihlman-Lahden-kaupunki-1-2048x1365.jpg 2048w, https:\/\/lahtipride.fi\/wp-content\/uploads\/2026\/02\/Kulkue-ja-paivajuhla-Antti-Sihlman-Lahden-kaupunki-1-360x240.jpg 360w\" sizes=\"(max-width: 2560px) 100vw, 2560px\" \/>\t\t\t\t\t\t\t\t\t\t\t\t\t\t\t<\/div>\n\t\t\t\t<\/div>\n\t\t\t\t\t<\/div>\n\t\t<\/div>\n\t\t\t\t\t<\/div>\n\t\t<\/section>\n\t\t\t\t<section class=\"elementor-section elementor-top-section elementor-element elementor-element-682cadc elementor-section-boxed elementor-section-height-default elementor-section-height-default\" data-id=\"682cadc\" data-element_type=\"section\" data-e-type=\"section\">\n\t\t\t\t\t\t<div class=\"elementor-container elementor-column-gap-default\">\n\t\t\t\t\t<div class=\"elementor-column elementor-col-100 elementor-top-column elementor-element elementor-element-25a5f87\" data-id=\"25a5f87\" data-element_type=\"column\" data-e-type=\"column\">\n\t\t\t<div class=\"elementor-widget-wrap elementor-element-populated\">\n\t\t\t\t\t\t<div class=\"elementor-element elementor-element-192d697 elementor-widget elementor-widget-spacer\" data-id=\"192d697\" data-element_type=\"widget\" data-e-type=\"widget\" data-widget_type=\"spacer.default\">\n\t\t\t\t<div class=\"elementor-widget-container\">\n\t\t\t\t\t\t\t<div class=\"elementor-spacer\">\n\t\t\t<div class=\"elementor-spacer-inner\"><\/div>\n\t\t<\/div>\n\t\t\t\t\t\t<\/div>\n\t\t\t\t<\/div>\n\t\t\t\t\t<\/div>\n\t\t<\/div>\n\t\t\t\t\t<\/div>\n\t\t<\/section>\n\t\t\t\t<section class=\"elementor-section elementor-top-section elementor-element elementor-element-12bdfa6 elementor-section-boxed elementor-section-height-default elementor-section-height-default\" data-id=\"12bdfa6\" data-element_type=\"section\" data-e-type=\"section\">\n\t\t\t\t\t\t<div class=\"elementor-container elementor-column-gap-default\">\n\t\t\t\t\t<div class=\"elementor-column elementor-col-100 elementor-top-column elementor-element elementor-element-9f57ef5\" data-id=\"9f57ef5\" data-element_type=\"column\" data-e-type=\"column\">\n\t\t\t<div class=\"elementor-widget-wrap elementor-element-populated\">\n\t\t\t\t\t\t<div class=\"elementor-element elementor-element-329c9a0 elementor-widget elementor-widget-heading\" data-id=\"329c9a0\" data-element_type=\"widget\" data-e-type=\"widget\" data-widget_type=\"heading.default\">\n\t\t\t\t<div class=\"elementor-widget-container\">\n\t\t\t\t\t<h2 class=\"elementor-heading-title elementor-size-default\">BE INVOLVED<\/h2>\t\t\t\t<\/div>\n\t\t\t\t<\/div>\n\t\t\t\t<div class=\"elementor-element elementor-element-e6df34b elementor-widget elementor-widget-text-editor\" data-id=\"e6df34b\" data-element_type=\"widget\" data-e-type=\"widget\" data-widget_type=\"text-editor.default\">\n\t\t\t\t<div class=\"elementor-widget-container\">\n\t\t\t\t\t\t\t\t\t<h3><b>SPONSORSHIP:<\/b><\/h3><p><span style=\"font-size: 14px;\">Like every year, Lahti Pride is looking for partners and sponsors, from Lahti, the rest of P\u00e4ij\u00e4t-H\u00e4me region and, of course, the whole of Finland.<\/span><\/p><p>Partnership can mean:<\/p><ul><li>Financial sponsorship<\/li><li>Product donations or similar support<\/li><\/ul><p>Lahti Pride offers sponsors different packages. All our partners are committed to promoting equality in their own operations.<\/p><p>For more information, please contact producer <strong>Alma Tuominen<\/strong> at <a href=\"mailto:tapahtumatuottaja@lahtipride.fi\">tapahtumatuottaja@lahtipride.fi<\/a>, 044 240 9300<\/p><h3><b>EVENTS:<\/b><\/h3><p>Are you or your local organisation interested in organising an event for Lahti Pride Week independently or together with us? The possibilities are almost endless, as long as the theme and values of Pride are reflected in the content.<\/p><p>Sign up and contact the Pride team for more information: <a href=\"mailto:pride@lahtipride.fi\">pride@lahtipride.fi<\/a>.<\/p><h3><b>VOLUNTEERING:<\/b><\/h3><p>Lahti Pride is organised entirely by volunteers. Would you like to be involved in the running of Pride week?<\/p><p>The tasks of volunteers include:<\/p><ul><li>Assistance in building, dismantling and organising events<\/li><li>Ticketing and ticket control<\/li><li>Product sales<\/li><li>Traffic control (<a href=\"https:\/\/forms.office.com\/e\/pAmDyUFY53\">fill form<\/a>)<\/li><li>Security (<a href=\"https:\/\/forms.office.com\/e\/pAmDyUFY53\">fill form<\/a>)<\/li><\/ul><p>Are you interested? Then don\u2019t hesitate and join us! We will take care of onboarding, so no previous experience is needed for most of the tasks.<\/p><p>Volunteers get free access to the Pride party. For more information and sign up, send us a message: <a href=\"mailto:pride@lahtipride.fi\">pride@lahtipride.fi<\/a>.<\/p>\t\t\t\t\t\t\t\t<\/div>\n\t\t\t\t<\/div>\n\t\t\t\t\t<\/div>\n\t\t<\/div>\n\t\t\t\t\t<\/div>\n\t\t<\/section>\n\t\t\t\t<section class=\"elementor-section elementor-top-section elementor-element elementor-element-7afea73 elementor-section-boxed elementor-section-height-default elementor-section-height-default\" data-id=\"7afea73\" data-element_type=\"section\" data-e-type=\"section\">\n\t\t\t\t\t\t<div class=\"elementor-container elementor-column-gap-default\">\n\t\t\t\t\t<div class=\"elementor-column elementor-col-100 elementor-top-column elementor-element elementor-element-a5e4e1a\" data-id=\"a5e4e1a\" data-element_type=\"column\" data-e-type=\"column\">\n\t\t\t<div class=\"elementor-widget-wrap elementor-element-populated\">\n\t\t\t\t\t\t<div class=\"elementor-element elementor-element-a7b70c5 elementor-widget elementor-widget-spacer\" data-id=\"a7b70c5\" data-element_type=\"widget\" data-e-type=\"widget\" data-widget_type=\"spacer.default\">\n\t\t\t\t<div class=\"elementor-widget-container\">\n\t\t\t\t\t\t\t<div class=\"elementor-spacer\">\n\t\t\t<div class=\"elementor-spacer-inner\"><\/div>\n\t\t<\/div>\n\t\t\t\t\t\t<\/div>\n\t\t\t\t<\/div>\n\t\t\t\t\t<\/div>\n\t\t<\/div>\n\t\t\t\t\t<\/div>\n\t\t<\/section>\n\t\t\t\t<section class=\"elementor-section elementor-top-section elementor-element elementor-element-a6cf6c4 elementor-section-boxed elementor-section-height-default elementor-section-height-default\" data-id=\"a6cf6c4\" data-element_type=\"section\" data-e-type=\"section\">\n\t\t\t\t\t\t<div class=\"elementor-container elementor-column-gap-default\">\n\t\t\t\t\t<div class=\"elementor-column elementor-col-33 elementor-top-column elementor-element elementor-element-d291a77\" data-id=\"d291a77\" data-element_type=\"column\" data-e-type=\"column\">\n\t\t\t<div class=\"elementor-widget-wrap elementor-element-populated\">\n\t\t\t\t\t\t<div class=\"elementor-element elementor-element-921cca1 elementor-widget elementor-widget-image\" data-id=\"921cca1\" data-element_type=\"widget\" data-e-type=\"widget\" data-widget_type=\"image.default\">\n\t\t\t\t<div class=\"elementor-widget-container\">\n\t\t\t\t\t\t\t\t\t\t\t\t\t\t\t<img decoding=\"async\" width=\"750\" height=\"511\" src=\"https:\/\/lahtipride.fi\/wp-content\/uploads\/2026\/03\/RAPUvari.png\" class=\"attachment-large size-large wp-image-5297\" alt=\"\" srcset=\"https:\/\/lahtipride.fi\/wp-content\/uploads\/2026\/03\/RAPUvari.png 779w, https:\/\/lahtipride.fi\/wp-content\/uploads\/2026\/03\/RAPUvari-300x204.png 300w, https:\/\/lahtipride.fi\/wp-content\/uploads\/2026\/03\/RAPUvari-768x524.png 768w\" sizes=\"(max-width: 750px) 100vw, 750px\" \/>\t\t\t\t\t\t\t\t\t\t\t\t\t\t\t<\/div>\n\t\t\t\t<\/div>\n\t\t\t\t\t<\/div>\n\t\t<\/div>\n\t\t\t\t<div class=\"elementor-column elementor-col-33 elementor-top-column elementor-element elementor-element-14d414a\" data-id=\"14d414a\" data-element_type=\"column\" data-e-type=\"column\">\n\t\t\t<div class=\"elementor-widget-wrap elementor-element-populated\">\n\t\t\t\t\t\t<div class=\"elementor-element elementor-element-6387e52 elementor-widget elementor-widget-image\" data-id=\"6387e52\" data-element_type=\"widget\" data-e-type=\"widget\" data-widget_type=\"image.default\">\n\t\t\t\t<div class=\"elementor-widget-container\">\n\t\t\t\t\t\t\t\t\t\t\t\t\t\t\t<img decoding=\"async\" width=\"750\" height=\"511\" src=\"https:\/\/lahtipride.fi\/wp-content\/uploads\/2026\/03\/RAPUvari.png\" class=\"attachment-large size-large wp-image-5297\" alt=\"\" srcset=\"https:\/\/lahtipride.fi\/wp-content\/uploads\/2026\/03\/RAPUvari.png 779w, https:\/\/lahtipride.fi\/wp-content\/uploads\/2026\/03\/RAPUvari-300x204.png 300w, https:\/\/lahtipride.fi\/wp-content\/uploads\/2026\/03\/RAPUvari-768x524.png 768w\" sizes=\"(max-width: 750px) 100vw, 750px\" \/>\t\t\t\t\t\t\t\t\t\t\t\t\t\t\t<\/div>\n\t\t\t\t<\/div>\n\t\t\t\t\t<\/div>\n\t\t<\/div>\n\t\t\t\t<div class=\"elementor-column elementor-col-33 elementor-top-column elementor-element elementor-element-f4c2fb3\" data-id=\"f4c2fb3\" data-element_type=\"column\" data-e-type=\"column\">\n\t\t\t<div class=\"elementor-widget-wrap elementor-element-populated\">\n\t\t\t\t\t\t<div class=\"elementor-element elementor-element-f10c7bc elementor-widget elementor-widget-image\" data-id=\"f10c7bc\" data-element_type=\"widget\" data-e-type=\"widget\" data-widget_type=\"image.default\">\n\t\t\t\t<div class=\"elementor-widget-container\">\n\t\t\t\t\t\t\t\t\t\t\t\t\t\t\t<img decoding=\"async\" width=\"750\" height=\"511\" src=\"https:\/\/lahtipride.fi\/wp-content\/uploads\/2026\/03\/RAPUvari.png\" class=\"attachment-large size-large wp-image-5297\" alt=\"\" srcset=\"https:\/\/lahtipride.fi\/wp-content\/uploads\/2026\/03\/RAPUvari.png 779w, https:\/\/lahtipride.fi\/wp-content\/uploads\/2026\/03\/RAPUvari-300x204.png 300w, https:\/\/lahtipride.fi\/wp-content\/uploads\/2026\/03\/RAPUvari-768x524.png 768w\" sizes=\"(max-width: 750px) 100vw, 750px\" \/>\t\t\t\t\t\t\t\t\t\t\t\t\t\t\t<\/div>\n\t\t\t\t<\/div>\n\t\t\t\t\t<\/div>\n\t\t<\/div>\n\t\t\t\t\t<\/div>\n\t\t<\/section>\n\t\t\t\t<\/div>\n\t\t","protected":false},"excerpt":{"rendered":"<p>BE INVOLVED SPONSORSHIP: Like every year, Lahti Pride is looking for partners and sponsors, from Lahti, the rest of P\u00e4ij\u00e4t-H\u00e4me region and, of course, the whole of Finland. Partnership can mean: Financial sponsorship Product donations or similar support Lahti Pride offers sponsors different packages. All our partners are committed to [&hellip;]<\/p>\n","protected":false},"author":2,"featured_media":0,"parent":0,"menu_order":0,"comment_status":"closed","ping_status":"closed","template":"","meta":{"footnotes":""},"class_list":["post-5217","page","type-page","status-publish","hentry"],"jetpack_sharing_enabled":true,"_links":{"self":[{"href":"https:\/\/lahtipride.fi\/index.php?rest_route=\/wp\/v2\/pages\/5217","targetHints":{"allow":["GET"]}}],"collection":[{"href":"https:\/\/lahtipride.fi\/index.php?rest_route=\/wp\/v2\/pages"}],"about":[{"href":"https:\/\/lahtipride.fi\/index.php?rest_route=\/wp\/v2\/types\/page"}],"author":[{"embeddable":true,"href":"https:\/\/lahtipride.fi\/index.php?rest_route=\/wp\/v2\/users\/2"}],"replies":[{"embeddable":true,"href":"https:\/\/lahtipride.fi\/index.php?rest_route=%2Fwp%2Fv2%2Fcomments&post=5217"}],"version-history":[{"count":42,"href":"https:\/\/lahtipride.fi\/index.php?rest_route=\/wp\/v2\/pages\/5217\/revisions"}],"predecessor-version":[{"id":5442,"href":"https:\/\/lahtipride.fi\/index.php?rest_route=\/wp\/v2\/pages\/5217\/revisions\/5442"}],"wp:attachment":[{"href":"https:\/\/lahtipride.fi\/index.php?rest_route=%2Fwp%2Fv2%2Fmedia&parent=5217"}],"curies":[{"name":"wp","href":"https:\/\/api.w.org\/{rel}","templated":true}]}}