{"id":5322,"date":"2026-03-03T15:21:37","date_gmt":"2026-03-03T13:21:37","guid":{"rendered":"https:\/\/lahtipride.fi\/?page_id=5322"},"modified":"2026-03-03T20:00:13","modified_gmt":"2026-03-03T18:00:13","slug":"elementor-5322","status":"publish","type":"page","link":"https:\/\/lahtipride.fi\/?page_id=5322","title":{"rendered":"MUKAAN PRIDEEN"},"content":{"rendered":"\t\t<div data-elementor-type=\"wp-page\" data-elementor-id=\"5322\" class=\"elementor elementor-5322\">\n\t\t\t\t\t\t<section class=\"elementor-section elementor-top-section elementor-element elementor-element-ea26dfc elementor-section-full_width elementor-section-height-default elementor-section-height-default\" data-id=\"ea26dfc\" data-element_type=\"section\" data-e-type=\"section\">\n\t\t\t\t\t\t<div class=\"elementor-container elementor-column-gap-no\">\n\t\t\t\t\t<div class=\"elementor-column elementor-col-100 elementor-top-column elementor-element elementor-element-fa2fcb8\" data-id=\"fa2fcb8\" data-element_type=\"column\" data-e-type=\"column\">\n\t\t\t<div class=\"elementor-widget-wrap elementor-element-populated\">\n\t\t\t\t\t\t<div class=\"elementor-element elementor-element-e458123 elementor-widget elementor-widget-image\" data-id=\"e458123\" data-element_type=\"widget\" data-e-type=\"widget\" data-widget_type=\"image.default\">\n\t\t\t\t<div class=\"elementor-widget-container\">\n\t\t\t\t\t\t\t\t\t\t\t\t\t\t\t<img fetchpriority=\"high\" decoding=\"async\" width=\"2560\" height=\"1707\" src=\"https:\/\/lahtipride.fi\/wp-content\/uploads\/2026\/02\/2Y0A0685-scaled.jpg\" class=\"attachment-full size-full wp-image-5125\" alt=\"\" srcset=\"https:\/\/lahtipride.fi\/wp-content\/uploads\/2026\/02\/2Y0A0685-scaled.jpg 2560w, https:\/\/lahtipride.fi\/wp-content\/uploads\/2026\/02\/2Y0A0685-300x200.jpg 300w, https:\/\/lahtipride.fi\/wp-content\/uploads\/2026\/02\/2Y0A0685-1024x683.jpg 1024w, https:\/\/lahtipride.fi\/wp-content\/uploads\/2026\/02\/2Y0A0685-768x512.jpg 768w, https:\/\/lahtipride.fi\/wp-content\/uploads\/2026\/02\/2Y0A0685-1536x1024.jpg 1536w, https:\/\/lahtipride.fi\/wp-content\/uploads\/2026\/02\/2Y0A0685-2048x1365.jpg 2048w, https:\/\/lahtipride.fi\/wp-content\/uploads\/2026\/02\/2Y0A0685-360x240.jpg 360w\" sizes=\"(max-width: 2560px) 100vw, 2560px\" \/>\t\t\t\t\t\t\t\t\t\t\t\t\t\t\t<\/div>\n\t\t\t\t<\/div>\n\t\t\t\t\t<\/div>\n\t\t<\/div>\n\t\t\t\t\t<\/div>\n\t\t<\/section>\n\t\t\t\t<section class=\"elementor-section elementor-top-section elementor-element elementor-element-1f36e2a elementor-section-boxed elementor-section-height-default elementor-section-height-default\" data-id=\"1f36e2a\" data-element_type=\"section\" data-e-type=\"section\">\n\t\t\t\t\t\t<div class=\"elementor-container elementor-column-gap-default\">\n\t\t\t\t\t<div class=\"elementor-column elementor-col-100 elementor-top-column elementor-element elementor-element-dfd4f8a\" data-id=\"dfd4f8a\" data-element_type=\"column\" data-e-type=\"column\">\n\t\t\t<div class=\"elementor-widget-wrap elementor-element-populated\">\n\t\t\t\t\t\t<div class=\"elementor-element elementor-element-e3128d0 elementor-widget elementor-widget-spacer\" data-id=\"e3128d0\" data-element_type=\"widget\" data-e-type=\"widget\" data-widget_type=\"spacer.default\">\n\t\t\t\t<div class=\"elementor-widget-container\">\n\t\t\t\t\t\t\t<div class=\"elementor-spacer\">\n\t\t\t<div class=\"elementor-spacer-inner\"><\/div>\n\t\t<\/div>\n\t\t\t\t\t\t<\/div>\n\t\t\t\t<\/div>\n\t\t\t\t\t<\/div>\n\t\t<\/div>\n\t\t\t\t\t<\/div>\n\t\t<\/section>\n\t\t\t\t<section class=\"elementor-section elementor-top-section elementor-element elementor-element-d19e3bb elementor-section-boxed elementor-section-height-default elementor-section-height-default\" data-id=\"d19e3bb\" data-element_type=\"section\" data-e-type=\"section\">\n\t\t\t\t\t\t<div class=\"elementor-container elementor-column-gap-default\">\n\t\t\t\t\t<div class=\"elementor-column elementor-col-100 elementor-top-column elementor-element elementor-element-add2cd7\" data-id=\"add2cd7\" data-element_type=\"column\" data-e-type=\"column\">\n\t\t\t<div class=\"elementor-widget-wrap elementor-element-populated\">\n\t\t\t\t\t\t<div class=\"elementor-element elementor-element-c4d2ec5 elementor-widget elementor-widget-heading\" data-id=\"c4d2ec5\" data-element_type=\"widget\" data-e-type=\"widget\" data-widget_type=\"heading.default\">\n\t\t\t\t<div class=\"elementor-widget-container\">\n\t\t\t\t\t<h2 class=\"elementor-heading-title elementor-size-default\">MUKAAN PRIDEEN?<\/h2>\t\t\t\t<\/div>\n\t\t\t\t<\/div>\n\t\t\t\t\t<\/div>\n\t\t<\/div>\n\t\t\t\t\t<\/div>\n\t\t<\/section>\n\t\t\t\t<section class=\"elementor-section elementor-top-section elementor-element elementor-element-4809dcf elementor-section-boxed elementor-section-height-default elementor-section-height-default\" data-id=\"4809dcf\" data-element_type=\"section\" data-e-type=\"section\">\n\t\t\t\t\t\t<div class=\"elementor-container elementor-column-gap-default\">\n\t\t\t\t\t<div class=\"elementor-column elementor-col-100 elementor-top-column elementor-element elementor-element-a7c9cfe\" data-id=\"a7c9cfe\" data-element_type=\"column\" data-e-type=\"column\">\n\t\t\t<div class=\"elementor-widget-wrap elementor-element-populated\">\n\t\t\t\t\t\t<div class=\"elementor-element elementor-element-b653df9 elementor-widget elementor-widget-text-editor\" data-id=\"b653df9\" data-element_type=\"widget\" data-e-type=\"widget\" data-widget_type=\"text-editor.default\">\n\t\t\t\t<div class=\"elementor-widget-container\">\n\t\t\t\t\t\t\t\t\t<h3 style=\"color: #3c4858; margin-top: 0px; margin-bottom: 15px; font-size: 34px;\"><strong>YHTEISTY\u00d6:<\/strong><\/h3><p style=\"margin-bottom: 15px; line-height: 1.618; font-size: 19px;\">Kuten joka vuosi, my\u00f6s t\u00e4n\u00e4 vuonna Lahti Pride hakee yhteisty\u00f6kumppaneita, eli sponsoreita, Lahden, muun P\u00e4ij\u00e4t-H\u00e4meen sek\u00e4 tietysti koko Suomen alueelta.<\/p><p style=\"margin-bottom: 15px; line-height: 1.618; font-size: 19px;\"><strong>Yhteisty\u00f6kumppanuus voi tarkoittaa:<\/strong><\/p><ul style=\"font-size: 19px;\"><li>Rahallista sponsorointia<\/li><li>Tuote- tai vastaavaa tukea<\/li><\/ul><p style=\"margin-bottom: 15px; line-height: 1.618; font-size: 19px;\">Lahti Pride tarjoaa sponsoreille eri tason paketteja. Kaikki kumppanimme sitoutuvat edist\u00e4m\u00e4\u00e4n yhdenvertaisuutta omassa toiminnassaan.<\/p><p style=\"margin-bottom: 15px; line-height: 1.618; font-size: 19px;\">Lis\u00e4tietoja antaa tuottaja\u00a0<strong>Alma Tuominen<\/strong>,\u00a0<a href=\"mailto:tapahtumatuottaja@lahtipride.fi\" style=\"color: #fc54b3;\">tapahtumatuottaja@lahtipride.fi<\/a>, 044 240 9300.<\/p><h3 style=\"color: #3c4858; margin-top: 0px; margin-bottom: 15px; font-size: 34px;\"><strong>\u00a0<\/strong><\/h3><h3 style=\"color: #3c4858; margin-top: 0px; margin-bottom: 15px; font-size: 34px;\"><strong>OHJELMAN J\u00c4RJEST\u00c4MINEN:<\/strong><\/h3><p style=\"margin-bottom: 15px; line-height: 1.618; font-size: 19px;\">Oletko tai onko yhteis\u00f6si paikallinen toimija, joka on kiinnostunut j\u00e4rjest\u00e4m\u00e4\u00e4n itsen\u00e4isesti tai yhdess\u00e4 ohjelmaa Lahti Pride -viikolle? Mahdollisuudet ovat l\u00e4hes rajattomat, kunhan ohjelmassa n\u00e4kyy Priden teema ja arvot.<\/p><p style=\"margin-bottom: 15px; line-height: 1.618; font-size: 19px;\">Ilmoittaudu rohkeasti mukaan ja kysele lis\u00e4\u00e4 tiimilt\u00e4:\u00a0<a href=\"mailto:pride@lahtipride.fi\" style=\"color: #fc54b3;\">pride@lahtipride.fi<\/a>.<\/p><h3 style=\"color: #3c4858; margin-top: 0px; margin-bottom: 15px; font-size: 34px;\"><strong>\u00a0<\/strong><\/h3><h3 style=\"color: #3c4858; margin-top: 0px; margin-bottom: 15px; font-size: 34px;\"><strong>MUKAAN VAPAAEHTOISEKSI:<\/strong><\/h3><p style=\"margin-bottom: 15px; line-height: 1.618; font-size: 19px;\">Lahti Pride j\u00e4rjestet\u00e4\u00e4n vuosittain t\u00e4ysin vapaaehtoisvoimin.\u00a0Olisitko juuri sin\u00e4 innokas l\u00e4htem\u00e4\u00e4n mukaan toteuttamaan tapahtumaviikkoa?<\/p><p style=\"margin-bottom: 15px; line-height: 1.618; font-size: 19px;\">Vapaaehtoisten teht\u00e4vi\u00e4 ovat muun muassa:<\/p><ul style=\"font-size: 19px;\"><li>Tapahtumien rakennuksessa, purussa ja j\u00e4rjest\u00e4misess\u00e4 avustaminen\u00a0<\/li><li>Lipunmyynti ja tarkistus\u00a0<\/li><li>Tuotemyynti<\/li><li>Liikenteenohjaus (ilmoittaudu\u00a0<a href=\"https:\/\/forms.office.com\/e\/pAmDyUFY53\" style=\"color: #fc54b3;\">Forms-lomakkeella<\/a>)<\/li><li>J\u00e4rjestyksenvalvonta (ilmoittaudu\u00a0<a href=\"https:\/\/forms.office.com\/e\/pAmDyUFY53\" style=\"color: #fc54b3;\">Forms-lomakkeella<\/a>)<\/li><\/ul>\t\t\t\t\t\t\t\t<\/div>\n\t\t\t\t<\/div>\n\t\t\t\t\t<\/div>\n\t\t<\/div>\n\t\t\t\t\t<\/div>\n\t\t<\/section>\n\t\t\t\t<section class=\"elementor-section elementor-top-section elementor-element elementor-element-457825b elementor-section-boxed elementor-section-height-default elementor-section-height-default\" data-id=\"457825b\" data-element_type=\"section\" data-e-type=\"section\">\n\t\t\t\t\t\t<div class=\"elementor-container elementor-column-gap-default\">\n\t\t\t\t\t<div class=\"elementor-column elementor-col-100 elementor-top-column elementor-element elementor-element-1954b69\" data-id=\"1954b69\" data-element_type=\"column\" data-e-type=\"column\">\n\t\t\t<div class=\"elementor-widget-wrap elementor-element-populated\">\n\t\t\t\t\t\t<div class=\"elementor-element elementor-element-55a91db elementor-widget elementor-widget-text-editor\" data-id=\"55a91db\" data-element_type=\"widget\" data-e-type=\"widget\" data-widget_type=\"text-editor.default\">\n\t\t\t\t<div class=\"elementor-widget-container\">\n\t\t\t\t\t\t\t\t\t<p style=\"margin-bottom: 15px; line-height: 1.618; font-size: 19px;\"><span style=\"font-size: 34px;\"><strong>INNOSTUITKO?<\/strong><\/span><\/p><p style=\"margin-bottom: 15px; line-height: 1.618; font-size: 19px;\">L\u00e4hde ihmeess\u00e4 joukkoon! Teht\u00e4viin perehdytet\u00e4\u00e4n, joten aiempaa osaamista ei tarvita suurimpaan osaan teht\u00e4vist\u00e4. Vapaaehtoiset saavat vapaap\u00e4\u00e4syn Pride-bileisiin.<\/p><p style=\"margin-bottom: 15px; line-height: 1.618; font-size: 19px;\">Kysy lis\u00e4tietoa ja ilmoittaudu:\u00a0<a href=\"mailto:pride@lahtipride.fi\" style=\"color: #fc54b3;\">pride@lahtipride.f<\/a><a href=\"mailto:pride@lahtipride.fi\" style=\"background-color: #ffffff; color: #fc54b3;\">i<\/a><\/p><div><\/div>\t\t\t\t\t\t\t\t<\/div>\n\t\t\t\t<\/div>\n\t\t\t\t\t<\/div>\n\t\t<\/div>\n\t\t\t\t\t<\/div>\n\t\t<\/section>\n\t\t\t\t<section class=\"elementor-section elementor-top-section elementor-element elementor-element-72c51da elementor-section-boxed elementor-section-height-default elementor-section-height-default\" data-id=\"72c51da\" data-element_type=\"section\" data-e-type=\"section\">\n\t\t\t\t\t\t<div class=\"elementor-container elementor-column-gap-default\">\n\t\t\t\t\t<div class=\"elementor-column elementor-col-100 elementor-top-column elementor-element elementor-element-042d16c\" data-id=\"042d16c\" data-element_type=\"column\" data-e-type=\"column\">\n\t\t\t<div class=\"elementor-widget-wrap elementor-element-populated\">\n\t\t\t\t\t\t<div class=\"elementor-element elementor-element-906d841 elementor-widget elementor-widget-spacer\" data-id=\"906d841\" data-element_type=\"widget\" data-e-type=\"widget\" data-widget_type=\"spacer.default\">\n\t\t\t\t<div class=\"elementor-widget-container\">\n\t\t\t\t\t\t\t<div class=\"elementor-spacer\">\n\t\t\t<div class=\"elementor-spacer-inner\"><\/div>\n\t\t<\/div>\n\t\t\t\t\t\t<\/div>\n\t\t\t\t<\/div>\n\t\t\t\t\t<\/div>\n\t\t<\/div>\n\t\t\t\t\t<\/div>\n\t\t<\/section>\n\t\t\t\t<section class=\"elementor-section elementor-top-section elementor-element elementor-element-aece9cc elementor-section-boxed elementor-section-height-default elementor-section-height-default\" data-id=\"aece9cc\" data-element_type=\"section\" data-e-type=\"section\">\n\t\t\t\t\t\t<div class=\"elementor-container elementor-column-gap-default\">\n\t\t\t\t\t<div class=\"elementor-column elementor-col-33 elementor-top-column elementor-element elementor-element-a15fa32\" data-id=\"a15fa32\" data-element_type=\"column\" data-e-type=\"column\">\n\t\t\t<div class=\"elementor-widget-wrap elementor-element-populated\">\n\t\t\t\t\t\t<div class=\"elementor-element elementor-element-6498c3a elementor-widget elementor-widget-image\" data-id=\"6498c3a\" data-element_type=\"widget\" data-e-type=\"widget\" data-widget_type=\"image.default\">\n\t\t\t\t<div class=\"elementor-widget-container\">\n\t\t\t\t\t\t\t\t\t\t\t\t\t\t\t<img decoding=\"async\" width=\"750\" height=\"511\" src=\"https:\/\/lahtipride.fi\/wp-content\/uploads\/2026\/02\/RAPUvari.png\" class=\"attachment-large size-large wp-image-4674\" alt=\"\" srcset=\"https:\/\/lahtipride.fi\/wp-content\/uploads\/2026\/02\/RAPUvari.png 779w, https:\/\/lahtipride.fi\/wp-content\/uploads\/2026\/02\/RAPUvari-300x204.png 300w, https:\/\/lahtipride.fi\/wp-content\/uploads\/2026\/02\/RAPUvari-768x524.png 768w\" sizes=\"(max-width: 750px) 100vw, 750px\" \/>\t\t\t\t\t\t\t\t\t\t\t\t\t\t\t<\/div>\n\t\t\t\t<\/div>\n\t\t\t\t\t<\/div>\n\t\t<\/div>\n\t\t\t\t<div class=\"elementor-column elementor-col-33 elementor-top-column elementor-element elementor-element-41d02d8\" data-id=\"41d02d8\" data-element_type=\"column\" data-e-type=\"column\">\n\t\t\t<div class=\"elementor-widget-wrap elementor-element-populated\">\n\t\t\t\t\t\t<div class=\"elementor-element elementor-element-04a5ab5 elementor-widget elementor-widget-image\" data-id=\"04a5ab5\" data-element_type=\"widget\" data-e-type=\"widget\" data-widget_type=\"image.default\">\n\t\t\t\t<div class=\"elementor-widget-container\">\n\t\t\t\t\t\t\t\t\t\t\t\t\t\t\t<img decoding=\"async\" width=\"750\" height=\"511\" src=\"https:\/\/lahtipride.fi\/wp-content\/uploads\/2026\/02\/RAPUvari.png\" class=\"attachment-large size-large wp-image-4674\" alt=\"\" srcset=\"https:\/\/lahtipride.fi\/wp-content\/uploads\/2026\/02\/RAPUvari.png 779w, https:\/\/lahtipride.fi\/wp-content\/uploads\/2026\/02\/RAPUvari-300x204.png 300w, https:\/\/lahtipride.fi\/wp-content\/uploads\/2026\/02\/RAPUvari-768x524.png 768w\" sizes=\"(max-width: 750px) 100vw, 750px\" \/>\t\t\t\t\t\t\t\t\t\t\t\t\t\t\t<\/div>\n\t\t\t\t<\/div>\n\t\t\t\t\t<\/div>\n\t\t<\/div>\n\t\t\t\t<div class=\"elementor-column elementor-col-33 elementor-top-column elementor-element elementor-element-e519267\" data-id=\"e519267\" data-element_type=\"column\" data-e-type=\"column\">\n\t\t\t<div class=\"elementor-widget-wrap elementor-element-populated\">\n\t\t\t\t\t\t<div class=\"elementor-element elementor-element-ab050c5 elementor-widget elementor-widget-image\" data-id=\"ab050c5\" data-element_type=\"widget\" data-e-type=\"widget\" data-widget_type=\"image.default\">\n\t\t\t\t<div class=\"elementor-widget-container\">\n\t\t\t\t\t\t\t\t\t\t\t\t\t\t\t<img decoding=\"async\" width=\"750\" height=\"511\" src=\"https:\/\/lahtipride.fi\/wp-content\/uploads\/2026\/02\/RAPUvari.png\" class=\"attachment-large size-large wp-image-4674\" alt=\"\" srcset=\"https:\/\/lahtipride.fi\/wp-content\/uploads\/2026\/02\/RAPUvari.png 779w, https:\/\/lahtipride.fi\/wp-content\/uploads\/2026\/02\/RAPUvari-300x204.png 300w, https:\/\/lahtipride.fi\/wp-content\/uploads\/2026\/02\/RAPUvari-768x524.png 768w\" sizes=\"(max-width: 750px) 100vw, 750px\" \/>\t\t\t\t\t\t\t\t\t\t\t\t\t\t\t<\/div>\n\t\t\t\t<\/div>\n\t\t\t\t\t<\/div>\n\t\t<\/div>\n\t\t\t\t\t<\/div>\n\t\t<\/section>\n\t\t\t\t<\/div>\n\t\t","protected":false},"excerpt":{"rendered":"<p>MUKAAN PRIDEEN? YHTEISTY\u00d6: Kuten joka vuosi, my\u00f6s t\u00e4n\u00e4 vuonna Lahti Pride hakee yhteisty\u00f6kumppaneita, eli sponsoreita, Lahden, muun P\u00e4ij\u00e4t-H\u00e4meen sek\u00e4 tietysti koko Suomen alueelta. Yhteisty\u00f6kumppanuus voi tarkoittaa: Rahallista sponsorointia Tuote- tai vastaavaa tukea Lahti Pride tarjoaa sponsoreille eri tason paketteja. Kaikki kumppanimme sitoutuvat edist\u00e4m\u00e4\u00e4n yhdenvertaisuutta omassa toiminnassaan. Lis\u00e4tietoja antaa tuottaja\u00a0Alma Tuominen,\u00a0tapahtumatuottaja@lahtipride.fi, [&hellip;]<\/p>\n","protected":false},"author":2,"featured_media":0,"parent":0,"menu_order":0,"comment_status":"closed","ping_status":"closed","template":"page-templates\/template-pagebuilder-full-width.php","meta":{"footnotes":""},"class_list":["post-5322","page","type-page","status-publish","hentry"],"jetpack_sharing_enabled":true,"_links":{"self":[{"href":"https:\/\/lahtipride.fi\/index.php?rest_route=\/wp\/v2\/pages\/5322","targetHints":{"allow":["GET"]}}],"collection":[{"href":"https:\/\/lahtipride.fi\/index.php?rest_route=\/wp\/v2\/pages"}],"about":[{"href":"https:\/\/lahtipride.fi\/index.php?rest_route=\/wp\/v2\/types\/page"}],"author":[{"embeddable":true,"href":"https:\/\/lahtipride.fi\/index.php?rest_route=\/wp\/v2\/users\/2"}],"replies":[{"embeddable":true,"href":"https:\/\/lahtipride.fi\/index.php?rest_route=%2Fwp%2Fv2%2Fcomments&post=5322"}],"version-history":[{"count":11,"href":"https:\/\/lahtipride.fi\/index.php?rest_route=\/wp\/v2\/pages\/5322\/revisions"}],"predecessor-version":[{"id":5449,"href":"https:\/\/lahtipride.fi\/index.php?rest_route=\/wp\/v2\/pages\/5322\/revisions\/5449"}],"wp:attachment":[{"href":"https:\/\/lahtipride.fi\/index.php?rest_route=%2Fwp%2Fv2%2Fmedia&parent=5322"}],"curies":[{"name":"wp","href":"https:\/\/api.w.org\/{rel}","templated":true}]}}